{"id":1896,"date":"2024-05-24T16:41:57","date_gmt":"2024-05-24T14:41:57","guid":{"rendered":"https:\/\/shop.grt-tools.com\/my-account\/"},"modified":"2024-09-05T20:46:30","modified_gmt":"2024-09-05T18:46:30","slug":"my-account","status":"publish","type":"page","link":"https:\/\/shop.grt-tools.com\/en\/my-account\/","title":{"rendered":"My Account"},"content":{"rendered":"\t\t<div data-elementor-type=\"wp-page\" data-elementor-id=\"1896\" class=\"elementor elementor-1896 elementor-31\" data-elementor-post-type=\"page\">\n\t\t\t\t<div class=\"elementor-element elementor-element-56d667d e-flex e-con-boxed e-con e-parent\" data-id=\"56d667d\" data-element_type=\"container\" data-e-type=\"container\">\n\t\t\t\t\t<div class=\"e-con-inner\">\n\t\t\t\t<div class=\"elementor-element elementor-element-30632c7 e-my-account-tabs-vertical elementor-widget elementor-widget-woocommerce-my-account\" data-id=\"30632c7\" data-element_type=\"widget\" data-e-type=\"widget\" data-widget_type=\"woocommerce-my-account.default\">\n\t\t\t\t\t<div class=\"e-my-account-tab e-my-account-tab__ \">\t\t\t<div class=\"woocommerce\"><\/div>\t\t<\/div>\n\t\t\t\t\t\t<\/div>\n\t\t\t\t\t<\/div>\n\t\t\t\t<\/div>\n\t\t\t\t<\/div>\n\t\t","protected":false},"excerpt":{"rendered":"<p>Dashboard Orders Downloads Addresses Account details Log out Hola Josemi (\u00bfno eres Josemi? Cerrar sesi\u00f3n) Desde el escritorio de tu cuenta puedes ver tus pedidos recientes, gestionar tus direcciones de env\u00edo y facturaci\u00f3n y editar tu contrase\u00f1a y los detalles de tu cuenta.<\/p>\n","protected":false},"author":1,"featured_media":0,"parent":0,"menu_order":0,"comment_status":"closed","ping_status":"closed","template":"","meta":{"footnotes":""},"class_list":["post-1896","page","type-page","status-publish","hentry"],"_links":{"self":[{"href":"https:\/\/shop.grt-tools.com\/en\/wp-json\/wp\/v2\/pages\/1896","targetHints":{"allow":["GET"]}}],"collection":[{"href":"https:\/\/shop.grt-tools.com\/en\/wp-json\/wp\/v2\/pages"}],"about":[{"href":"https:\/\/shop.grt-tools.com\/en\/wp-json\/wp\/v2\/types\/page"}],"author":[{"embeddable":true,"href":"https:\/\/shop.grt-tools.com\/en\/wp-json\/wp\/v2\/users\/1"}],"replies":[{"embeddable":true,"href":"https:\/\/shop.grt-tools.com\/en\/wp-json\/wp\/v2\/comments?post=1896"}],"version-history":[{"count":0,"href":"https:\/\/shop.grt-tools.com\/en\/wp-json\/wp\/v2\/pages\/1896\/revisions"}],"wp:attachment":[{"href":"https:\/\/shop.grt-tools.com\/en\/wp-json\/wp\/v2\/media?parent=1896"}],"curies":[{"name":"wp","href":"https:\/\/api.w.org\/{rel}","templated":true}]}}