{"id":3164,"date":"2025-10-20T17:58:09","date_gmt":"2025-10-20T15:58:09","guid":{"rendered":"https:\/\/shop.grt-tools.com\/?post_type=product&#038;p=3164"},"modified":"2025-11-19T20:06:38","modified_gmt":"2025-11-19T19:06:38","slug":"helitron-drill","status":"publish","type":"product","link":"https:\/\/shop.grt-tools.com\/en\/tool\/helitron-drill\/","title":{"rendered":"Helitron Drill"},"content":{"rendered":"<p>Broca de metal duro con recubrimiento.<\/p>\n<p>Serie con una innovadora geometr\u00eda de punta desarrollada en 8 facetas, la cual permite una reducci\u00f3n significativa de las fuerzas de corte, evitando la delaminaci\u00f3n a la salida del taladro.<\/p>\n<p>Recomendada para taladrado en:<\/p>\n<p>&#8211; Fibra de Vidrio (G10,\u00a0G11, etc).<\/p>\n<p>&#8211; Laminados de alta\u00a0compresi\u00f3n (HPL,\u00a0Trespa\u00ae, Formica\u00ae).<\/p>\n<p>&#8211; Fibra de carbono y\u00a0otros materiales compuestos (fibrocemento, compuestos cer\u00e1micos, grafito, etc.<\/p>\n","protected":false},"excerpt":{"rendered":"<p>Broca de metal duro con recubrimiento. Serie con una innovadora geometr\u00eda de punta desarrollada en 8 facetas, la cual permite una reducci\u00f3n significativa de las fuerzas de corte, evitando la delaminaci\u00f3n a la salida del taladro. Recomendada para taladrado en: &#8211; Fibra de Vidrio (G10,\u00a0G11, etc). &#8211; Laminados de alta\u00a0compresi\u00f3n (HPL,\u00a0Trespa\u00ae, Formica\u00ae). &#8211; Fibra de [&hellip;]<\/p>\n","protected":false},"featured_media":3468,"template":"","meta":[],"product_brand":[],"product_cat":[22],"product_tag":[],"material-de-mecanizado":[45],"class_list":{"0":"post-3164","1":"product","2":"type-product","3":"status-publish","4":"has-post-thumbnail","6":"product_cat-composites","7":"material-de-mecanizado-composite","9":"first","10":"instock","11":"taxable","12":"shipping-taxable","13":"purchasable","14":"product-type-variable"},"_links":{"self":[{"href":"https:\/\/shop.grt-tools.com\/en\/wp-json\/wp\/v2\/product\/3164","targetHints":{"allow":["GET"]}}],"collection":[{"href":"https:\/\/shop.grt-tools.com\/en\/wp-json\/wp\/v2\/product"}],"about":[{"href":"https:\/\/shop.grt-tools.com\/en\/wp-json\/wp\/v2\/types\/product"}],"wp:featuredmedia":[{"embeddable":true,"href":"https:\/\/shop.grt-tools.com\/en\/wp-json\/wp\/v2\/media\/3468"}],"wp:attachment":[{"href":"https:\/\/shop.grt-tools.com\/en\/wp-json\/wp\/v2\/media?parent=3164"}],"wp:term":[{"taxonomy":"product_brand","embeddable":true,"href":"https:\/\/shop.grt-tools.com\/en\/wp-json\/wp\/v2\/product_brand?post=3164"},{"taxonomy":"product_cat","embeddable":true,"href":"https:\/\/shop.grt-tools.com\/en\/wp-json\/wp\/v2\/product_cat?post=3164"},{"taxonomy":"product_tag","embeddable":true,"href":"https:\/\/shop.grt-tools.com\/en\/wp-json\/wp\/v2\/product_tag?post=3164"},{"taxonomy":"material-de-mecanizado","embeddable":true,"href":"https:\/\/shop.grt-tools.com\/en\/wp-json\/wp\/v2\/material-de-mecanizado?post=3164"}],"curies":[{"name":"wp","href":"https:\/\/api.w.org\/{rel}","templated":true}]}}