{"id":3497,"date":"2025-10-20T20:03:11","date_gmt":"2025-10-20T18:03:11","guid":{"rendered":"https:\/\/shop.grt-tools.com\/?post_type=product&#038;p=3497"},"modified":"2025-11-20T08:12:59","modified_gmt":"2025-11-20T07:12:59","slug":"pcd-hd-drill","status":"publish","type":"product","link":"https:\/\/shop.grt-tools.com\/en\/tool\/pcd-hd-drill\/","title":{"rendered":"PCD HD Drill"},"content":{"rendered":"<p>Broca con punta de diamante.<\/p>\n<p>Serie dise\u00f1ada con una geometr\u00eda altamente eficiente para generar taladros libres de delaminaci\u00f3n.<\/p>\n<p>Siendo una elecci\u00f3n ideal para maximizar la productividad en el taladrado de materiales compuestos altamente abrasivos como:<\/p>\n<p>&#8211; Fibra de Vidrio (G10,\u00a0G11, etc).<\/p>\n<p>&#8211; Fibra de Carbono.<\/p>\n<p>&#8211; Otros materiales compuestos (fibrocemento, compuestos cer\u00e1micos, grafito, etc).<\/p>\n","protected":false},"excerpt":{"rendered":"<p>Broca con punta de diamante. Serie dise\u00f1ada con una geometr\u00eda altamente eficiente para generar taladros libres de delaminaci\u00f3n. Siendo una elecci\u00f3n ideal para maximizar la productividad en el taladrado de materiales compuestos altamente abrasivos como: &#8211; Fibra de Vidrio (G10,\u00a0G11, etc). &#8211; Fibra de Carbono. &#8211; Otros materiales compuestos (fibrocemento, compuestos cer\u00e1micos, grafito, etc).<\/p>\n","protected":false},"featured_media":3519,"template":"","meta":[],"product_brand":[],"product_cat":[22],"product_tag":[],"material-de-mecanizado":[45],"class_list":{"0":"post-3497","1":"product","2":"type-product","3":"status-publish","4":"has-post-thumbnail","6":"product_cat-composites","7":"material-de-mecanizado-composite","9":"first","10":"instock","11":"taxable","12":"shipping-taxable","13":"purchasable","14":"product-type-variable"},"_links":{"self":[{"href":"https:\/\/shop.grt-tools.com\/en\/wp-json\/wp\/v2\/product\/3497","targetHints":{"allow":["GET"]}}],"collection":[{"href":"https:\/\/shop.grt-tools.com\/en\/wp-json\/wp\/v2\/product"}],"about":[{"href":"https:\/\/shop.grt-tools.com\/en\/wp-json\/wp\/v2\/types\/product"}],"wp:featuredmedia":[{"embeddable":true,"href":"https:\/\/shop.grt-tools.com\/en\/wp-json\/wp\/v2\/media\/3519"}],"wp:attachment":[{"href":"https:\/\/shop.grt-tools.com\/en\/wp-json\/wp\/v2\/media?parent=3497"}],"wp:term":[{"taxonomy":"product_brand","embeddable":true,"href":"https:\/\/shop.grt-tools.com\/en\/wp-json\/wp\/v2\/product_brand?post=3497"},{"taxonomy":"product_cat","embeddable":true,"href":"https:\/\/shop.grt-tools.com\/en\/wp-json\/wp\/v2\/product_cat?post=3497"},{"taxonomy":"product_tag","embeddable":true,"href":"https:\/\/shop.grt-tools.com\/en\/wp-json\/wp\/v2\/product_tag?post=3497"},{"taxonomy":"material-de-mecanizado","embeddable":true,"href":"https:\/\/shop.grt-tools.com\/en\/wp-json\/wp\/v2\/material-de-mecanizado?post=3497"}],"curies":[{"name":"wp","href":"https:\/\/api.w.org\/{rel}","templated":true}]}}