{"id":3591,"date":"2025-10-27T19:31:40","date_gmt":"2025-10-27T18:31:40","guid":{"rendered":"https:\/\/shop.grt-tools.com\/?post_type=product&#038;p=3591"},"modified":"2025-11-18T18:20:00","modified_gmt":"2025-11-18T17:20:00","slug":"compact-pro-max","status":"publish","type":"product","link":"https:\/\/shop.grt-tools.com\/en\/tool\/compact-pro-max\/","title":{"rendered":"Compact Pro Max"},"content":{"rendered":"<p>Triturador compacto de PCD<\/p>\n<p>Nueva serie con un innovador dise\u00f1o \u201cAxial Compact\u201d, ideado para reducir la presi\u00f3n en el corte y la emisi\u00f3n de ruido, permitiendo una perfecta evacuaci\u00f3n de viruta.<\/p>\n<p>Desarrollado para conseguir acabados superiores e incrementar exponencialemente la productividad en materiales como:<\/p>\n<p>&#8211; MDF, aglomerado melam\u00ednico, contrachapado, etc.<\/p>\n<p>&#8211; Paneles con acabado\u00a0de alto brillo, paneles\u00a0con revestimientos de\u00a0aluminio, laminados\u00a0de alta compresi\u00f3n\u00a0(HPL, Trespa\u00ae, Formica\u00ae), Baquelita,\u00a0GFRP, CFRP, etc.<\/p>\n","protected":false},"excerpt":{"rendered":"<p>Triturador compacto de PCD Nueva serie con un innovador dise\u00f1o \u201cAxial Compact\u201d, ideado para reducir la presi\u00f3n en el corte y la emisi\u00f3n de ruido, permitiendo una perfecta evacuaci\u00f3n de viruta. Desarrollado para conseguir acabados superiores e incrementar exponencialemente la productividad en materiales como: &#8211; MDF, aglomerado melam\u00ednico, contrachapado, etc. &#8211; Paneles con acabado\u00a0de alto [&hellip;]<\/p>\n","protected":false},"featured_media":3629,"template":"","meta":[],"product_brand":[],"product_cat":[22,24],"product_tag":[],"material-de-mecanizado":[45,47],"class_list":{"0":"post-3591","1":"product","2":"type-product","3":"status-publish","4":"has-post-thumbnail","6":"product_cat-composites","7":"product_cat-maderas-y-materiales-derivados-de-la-madera","8":"material-de-mecanizado-composite","9":"material-de-mecanizado-madera","11":"first","12":"instock","13":"taxable","14":"shipping-taxable","15":"purchasable","16":"product-type-variable"},"_links":{"self":[{"href":"https:\/\/shop.grt-tools.com\/en\/wp-json\/wp\/v2\/product\/3591","targetHints":{"allow":["GET"]}}],"collection":[{"href":"https:\/\/shop.grt-tools.com\/en\/wp-json\/wp\/v2\/product"}],"about":[{"href":"https:\/\/shop.grt-tools.com\/en\/wp-json\/wp\/v2\/types\/product"}],"wp:featuredmedia":[{"embeddable":true,"href":"https:\/\/shop.grt-tools.com\/en\/wp-json\/wp\/v2\/media\/3629"}],"wp:attachment":[{"href":"https:\/\/shop.grt-tools.com\/en\/wp-json\/wp\/v2\/media?parent=3591"}],"wp:term":[{"taxonomy":"product_brand","embeddable":true,"href":"https:\/\/shop.grt-tools.com\/en\/wp-json\/wp\/v2\/product_brand?post=3591"},{"taxonomy":"product_cat","embeddable":true,"href":"https:\/\/shop.grt-tools.com\/en\/wp-json\/wp\/v2\/product_cat?post=3591"},{"taxonomy":"product_tag","embeddable":true,"href":"https:\/\/shop.grt-tools.com\/en\/wp-json\/wp\/v2\/product_tag?post=3591"},{"taxonomy":"material-de-mecanizado","embeddable":true,"href":"https:\/\/shop.grt-tools.com\/en\/wp-json\/wp\/v2\/material-de-mecanizado?post=3591"}],"curies":[{"name":"wp","href":"https:\/\/api.w.org\/{rel}","templated":true}]}}