{"id":3642,"date":"2025-10-29T19:37:13","date_gmt":"2025-10-29T18:37:13","guid":{"rendered":"https:\/\/shop.grt-tools.com\/?post_type=product&#038;p=3642"},"modified":"2025-11-18T18:54:03","modified_gmt":"2025-11-18T17:54:03","slug":"portaherramientas-termico-sk-30","status":"publish","type":"product","link":"https:\/\/shop.grt-tools.com\/en\/tool\/portaherramientas-termico-sk-30\/","title":{"rendered":"Portaherramientas T\u00e9rmico SK-30"},"content":{"rendered":"<p>DIN69871<\/p>\n<p>Portaherramienta de precisi\u00f3n para fijaci\u00f3n de herramientas de mango por contracci\u00f3n t\u00e9rmica.<\/p>\n<p>Este sistema aporta mayor estabilidad, rigidez y fuerza de sujeci\u00f3n que cualquier otro sistema de fijaci\u00f3n del mercado, permitiendo maximizar la productividad y vida \u00fatil de la herramienta.<\/p>\n","protected":false},"excerpt":{"rendered":"<p>DIN69871 Portaherramienta de precisi\u00f3n para fijaci\u00f3n de herramientas de mango por contracci\u00f3n t\u00e9rmica. Este sistema aporta mayor estabilidad, rigidez y fuerza de sujeci\u00f3n que cualquier otro sistema de fijaci\u00f3n del mercado, permitiendo maximizar la productividad y vida \u00fatil de la herramienta.<\/p>\n","protected":false},"featured_media":3657,"template":"","meta":[],"product_brand":[],"product_cat":[34],"product_tag":[],"material-de-mecanizado":[],"class_list":{"0":"post-3642","1":"product","2":"type-product","3":"status-publish","4":"has-post-thumbnail","6":"product_cat-accesorios","8":"first","9":"instock","10":"taxable","11":"shipping-taxable","12":"purchasable","13":"product-type-variable"},"_links":{"self":[{"href":"https:\/\/shop.grt-tools.com\/en\/wp-json\/wp\/v2\/product\/3642","targetHints":{"allow":["GET"]}}],"collection":[{"href":"https:\/\/shop.grt-tools.com\/en\/wp-json\/wp\/v2\/product"}],"about":[{"href":"https:\/\/shop.grt-tools.com\/en\/wp-json\/wp\/v2\/types\/product"}],"wp:featuredmedia":[{"embeddable":true,"href":"https:\/\/shop.grt-tools.com\/en\/wp-json\/wp\/v2\/media\/3657"}],"wp:attachment":[{"href":"https:\/\/shop.grt-tools.com\/en\/wp-json\/wp\/v2\/media?parent=3642"}],"wp:term":[{"taxonomy":"product_brand","embeddable":true,"href":"https:\/\/shop.grt-tools.com\/en\/wp-json\/wp\/v2\/product_brand?post=3642"},{"taxonomy":"product_cat","embeddable":true,"href":"https:\/\/shop.grt-tools.com\/en\/wp-json\/wp\/v2\/product_cat?post=3642"},{"taxonomy":"product_tag","embeddable":true,"href":"https:\/\/shop.grt-tools.com\/en\/wp-json\/wp\/v2\/product_tag?post=3642"},{"taxonomy":"material-de-mecanizado","embeddable":true,"href":"https:\/\/shop.grt-tools.com\/en\/wp-json\/wp\/v2\/material-de-mecanizado?post=3642"}],"curies":[{"name":"wp","href":"https:\/\/api.w.org\/{rel}","templated":true}]}}