{"id":3690,"date":"2025-11-13T17:08:48","date_gmt":"2025-11-13T16:08:48","guid":{"rendered":"https:\/\/shop.grt-tools.com\/?post_type=product&#038;p=3690"},"modified":"2025-11-13T17:08:48","modified_gmt":"2025-11-13T16:08:48","slug":"pcd-jointing-cutter-30o-negativa","status":"publish","type":"product","link":"https:\/\/shop.grt-tools.com\/en\/tool\/pcd-jointing-cutter-30o-negativa\/","title":{"rendered":"PCD Jointing Cutter 30\u00ba Negativa"},"content":{"rendered":"<p>Fresa canteadora con \u00e1ngulo axial de 30\u00ba<\/p>\n<p>Serie especialmente ideada para disminuir la presi\u00f3n de corte y maximizar evacuaci\u00f3n de viruta llevando a cabo un proceso de canteo altamente eficiente e insonoro.<\/p>\n<p>Disponible con dise\u00f1o sim\u00e9trico o asim\u00e9trico y con tres \u00e1ngulos axiales de placa para conseguir acabados superiores en:<\/p>\n<p>&#8211; MDF, aglomerado melam\u00ednico, contrachapado, etc.<\/p>\n<p>&#8211; Paneles con acabado\u00a0de alto brillo, paneles\u00a0con revestimientos de\u00a0aluminio, laminados\u00a0de alta compresi\u00f3n\u00a0(HPL, Trespa\u00ae, Formica\u00ae), Baquelita,\u00a0GFRP, CFRP, etc.<\/p>\n","protected":false},"excerpt":{"rendered":"<p>Fresa canteadora con \u00e1ngulo axial de 30\u00ba Serie especialmente ideada para disminuir la presi\u00f3n de corte y maximizar evacuaci\u00f3n de viruta llevando a cabo un proceso de canteo altamente eficiente e insonoro. Disponible con dise\u00f1o sim\u00e9trico o asim\u00e9trico y con tres \u00e1ngulos axiales de placa para conseguir acabados superiores en: &#8211; MDF, aglomerado melam\u00ednico, contrachapado, [&hellip;]<\/p>\n","protected":false},"featured_media":3706,"template":"","meta":[],"product_brand":[],"product_cat":[22,24],"product_tag":[],"material-de-mecanizado":[45,47],"class_list":{"0":"post-3690","1":"product","2":"type-product","3":"status-publish","4":"has-post-thumbnail","6":"product_cat-composites","7":"product_cat-maderas-y-materiales-derivados-de-la-madera","8":"material-de-mecanizado-composite","9":"material-de-mecanizado-madera","11":"first","12":"outofstock","13":"taxable","14":"shipping-taxable","15":"product-type-variable"},"_links":{"self":[{"href":"https:\/\/shop.grt-tools.com\/en\/wp-json\/wp\/v2\/product\/3690","targetHints":{"allow":["GET"]}}],"collection":[{"href":"https:\/\/shop.grt-tools.com\/en\/wp-json\/wp\/v2\/product"}],"about":[{"href":"https:\/\/shop.grt-tools.com\/en\/wp-json\/wp\/v2\/types\/product"}],"wp:featuredmedia":[{"embeddable":true,"href":"https:\/\/shop.grt-tools.com\/en\/wp-json\/wp\/v2\/media\/3706"}],"wp:attachment":[{"href":"https:\/\/shop.grt-tools.com\/en\/wp-json\/wp\/v2\/media?parent=3690"}],"wp:term":[{"taxonomy":"product_brand","embeddable":true,"href":"https:\/\/shop.grt-tools.com\/en\/wp-json\/wp\/v2\/product_brand?post=3690"},{"taxonomy":"product_cat","embeddable":true,"href":"https:\/\/shop.grt-tools.com\/en\/wp-json\/wp\/v2\/product_cat?post=3690"},{"taxonomy":"product_tag","embeddable":true,"href":"https:\/\/shop.grt-tools.com\/en\/wp-json\/wp\/v2\/product_tag?post=3690"},{"taxonomy":"material-de-mecanizado","embeddable":true,"href":"https:\/\/shop.grt-tools.com\/en\/wp-json\/wp\/v2\/material-de-mecanizado?post=3690"}],"curies":[{"name":"wp","href":"https:\/\/api.w.org\/{rel}","templated":true}]}}