{"id":3702,"date":"2025-11-13T17:08:47","date_gmt":"2025-11-13T16:08:47","guid":{"rendered":"https:\/\/shop.grt-tools.com\/?post_type=product&#038;p=3702"},"modified":"2025-11-26T20:04:07","modified_gmt":"2025-11-26T19:04:07","slug":"ext-pcd-jointing-cutter-45o","status":"publish","type":"product","link":"https:\/\/shop.grt-tools.com\/en\/tool\/ext-pcd-jointing-cutter-45o\/","title":{"rendered":"EXT PCD Jointing Cutter 45\u00ba"},"content":{"rendered":"<p>Fresa canteadora regulable con axial de 45\u00ba<\/p>\n<p>Serie extensible ideada para disminuir la presi\u00f3n de corte y maximizar evacuaci\u00f3n de viruta, permitiendo un proceso de canteo altamente eficiente, insonoro y con el m\u00e1ximo aprovechamiento de la vida \u00fatil.<\/p>\n<p>Disponible con dise\u00f1o sim\u00e9trico en dos cuerpos y con tres \u00e1ngulos axiales de placa para conseguir acabados superiores en:<\/p>\n<p>&#8211; MDF, aglomerado melam\u00ednico, contrachapado, etc.<\/p>\n<p>&#8211; Paneles con acabado\u00a0de alto brillo, paneles\u00a0con revestimientos de\u00a0aluminio, laminados\u00a0de alta compresi\u00f3n\u00a0(HPL, Trespa\u00ae, Formica\u00ae), Baquelita,\u00a0GFRP, CFRP, etc.<\/p>\n","protected":false},"excerpt":{"rendered":"<p>Fresa canteadora regulable con axial de 45\u00ba Serie extensible ideada para disminuir la presi\u00f3n de corte y maximizar evacuaci\u00f3n de viruta, permitiendo un proceso de canteo altamente eficiente, insonoro y con el m\u00e1ximo aprovechamiento de la vida \u00fatil. Disponible con dise\u00f1o sim\u00e9trico en dos cuerpos y con tres \u00e1ngulos axiales de placa para conseguir acabados [&hellip;]<\/p>\n","protected":false},"featured_media":3709,"template":"","meta":[],"product_brand":[],"product_cat":[22,24],"product_tag":[],"material-de-mecanizado":[45,47],"class_list":{"0":"post-3702","1":"product","2":"type-product","3":"status-publish","4":"has-post-thumbnail","6":"product_cat-composites","7":"product_cat-maderas-y-materiales-derivados-de-la-madera","8":"material-de-mecanizado-composite","9":"material-de-mecanizado-madera","11":"first","12":"instock","13":"taxable","14":"shipping-taxable","15":"purchasable","16":"product-type-variable"},"_links":{"self":[{"href":"https:\/\/shop.grt-tools.com\/en\/wp-json\/wp\/v2\/product\/3702","targetHints":{"allow":["GET"]}}],"collection":[{"href":"https:\/\/shop.grt-tools.com\/en\/wp-json\/wp\/v2\/product"}],"about":[{"href":"https:\/\/shop.grt-tools.com\/en\/wp-json\/wp\/v2\/types\/product"}],"wp:featuredmedia":[{"embeddable":true,"href":"https:\/\/shop.grt-tools.com\/en\/wp-json\/wp\/v2\/media\/3709"}],"wp:attachment":[{"href":"https:\/\/shop.grt-tools.com\/en\/wp-json\/wp\/v2\/media?parent=3702"}],"wp:term":[{"taxonomy":"product_brand","embeddable":true,"href":"https:\/\/shop.grt-tools.com\/en\/wp-json\/wp\/v2\/product_brand?post=3702"},{"taxonomy":"product_cat","embeddable":true,"href":"https:\/\/shop.grt-tools.com\/en\/wp-json\/wp\/v2\/product_cat?post=3702"},{"taxonomy":"product_tag","embeddable":true,"href":"https:\/\/shop.grt-tools.com\/en\/wp-json\/wp\/v2\/product_tag?post=3702"},{"taxonomy":"material-de-mecanizado","embeddable":true,"href":"https:\/\/shop.grt-tools.com\/en\/wp-json\/wp\/v2\/material-de-mecanizado?post=3702"}],"curies":[{"name":"wp","href":"https:\/\/api.w.org\/{rel}","templated":true}]}}